{"id":551,"date":"2021-06-01T07:38:04","date_gmt":"2021-06-01T07:38:04","guid":{"rendered":"http:\/\/belendo.be\/bespeed\/"},"modified":"2025-11-04T14:23:11","modified_gmt":"2025-11-04T14:23:11","slug":"bespeed","status":"publish","type":"page","link":"https:\/\/belendo.be\/fr\/bespeed\/","title":{"rendered":"BELSPEED"},"content":{"rendered":"<h3>The Belux Society for Pediatric Endocrinology and Diabetology<\/h3>\n<p><img loading=\"lazy\" decoding=\"async\" class=\"alignnone size-medium wp-image-1951\" src=\"https:\/\/belendo.be\/wp-content\/uploads\/2023\/11\/Belspeed-300x133.png\" alt=\"\" width=\"300\" height=\"133\" srcset=\"https:\/\/belendo.be\/wp-content\/uploads\/2023\/11\/Belspeed-300x133.png 300w, https:\/\/belendo.be\/wp-content\/uploads\/2023\/11\/Belspeed-1024x456.png 1024w, https:\/\/belendo.be\/wp-content\/uploads\/2023\/11\/Belspeed-768x342.png 768w, https:\/\/belendo.be\/wp-content\/uploads\/2023\/11\/Belspeed-1536x683.png 1536w, https:\/\/belendo.be\/wp-content\/uploads\/2023\/11\/Belspeed.png 1890w\" sizes=\"auto, (max-width: 300px) 100vw, 300px\" \/><\/p>\n<p>A commenc\u00e9 au tant que BESPEED, BESPEED est l\u2019abr\u00e9viation de \u201c<strong>Be<\/strong>lgian\u00a0<strong>S<\/strong>ociety for\u00a0<strong>Pe<\/strong>diatric\u00a0<strong>E<\/strong>ndocrinology and\u00a0<strong>D<\/strong>iabetes\u201d, que l\u2019on traduit en fran\u00e7ais par la Soci\u00e9t\u00e9 Belge d\u2019Endocrinologie et de Diab\u00e9tologie P\u00e9diatrique.<\/p>\n<p>La coop\u00e9ration accrue avec des coll\u00e8gues luxembourgeois a conduit \u00e0 la transformation de l&rsquo;association en BELSPEED : <strong>BEL<\/strong>UX <strong>S<\/strong>ociety for <strong>Pe<\/strong>diatric <strong>E<\/strong>ndocrinology and <strong>D<\/strong>iabetology que l\u2019on traduit en fran\u00e7ais par la Soci\u00e9t\u00e9 Belge et Luxembourgeoise d\u2019Endocrinologie et de Diab\u00e9tologie P\u00e9diatrique.<\/p>\n<p>BELSPEED asbl-vzw est une association scientifique sans but lucratif (asbl) de p\u00e9diatres qui se sont sp\u00e9cialis\u00e9s dans les troubles hormonaux des enfants. L\u2019association a \u00e9t\u00e9 cr\u00e9\u00e9e en 1983 \u00e0 partir d\u2019un Comit\u00e9 consultatif du Minist\u00e8re de la Sant\u00e9 et s\u2019est constitu\u00e9e en asbl en 1989.<\/p>\n<p>L\u2019objectif de l\u2019association est<\/p>\n<ul>\n<li>d\u2019optimaliser les soins aux patients en endocrinologie p\u00e9diatrique<\/li>\n<li>de promouvoir la recherche scientifique<\/li>\n<li>d\u2019informer correctement le public sur les probl\u00e8mes hormonaux et le diab\u00e8te des enfants<\/li>\n<\/ul>\n<p>Ci-dessous vous trouverez la liste des membres actuels.<\/p>\n","protected":false},"excerpt":{"rendered":"<p>The Belux Society for Pediatric Endocrinology and Diabetology A commenc\u00e9 au tant que BESPEED, BESPEED est l\u2019abr\u00e9viation de \u201cBelgian\u00a0Society for\u00a0Pediatric\u00a0Endocrinology and\u00a0Diabetes\u201d, que l\u2019on traduit en fran\u00e7ais par la Soci\u00e9t\u00e9 Belge d\u2019Endocrinologie et de Diab\u00e9tologie P\u00e9diatrique. La coop\u00e9ration accrue avec des coll\u00e8gues luxembourgeois a conduit \u00e0 la transformation de l&rsquo;association en BELSPEED : BELUX Society for [&hellip;]<\/p>\n","protected":false},"author":1,"featured_media":0,"parent":0,"menu_order":0,"comment_status":"closed","ping_status":"closed","template":"bespeed.php","meta":{"_acf_changed":false,"inline_featured_image":false,"footnotes":""},"class_list":["post-551","page","type-page","status-publish","hentry"],"acf":[],"_links":{"self":[{"href":"https:\/\/belendo.be\/fr\/wp-json\/wp\/v2\/pages\/551","targetHints":{"allow":["GET"]}}],"collection":[{"href":"https:\/\/belendo.be\/fr\/wp-json\/wp\/v2\/pages"}],"about":[{"href":"https:\/\/belendo.be\/fr\/wp-json\/wp\/v2\/types\/page"}],"author":[{"embeddable":true,"href":"https:\/\/belendo.be\/fr\/wp-json\/wp\/v2\/users\/1"}],"replies":[{"embeddable":true,"href":"https:\/\/belendo.be\/fr\/wp-json\/wp\/v2\/comments?post=551"}],"version-history":[{"count":11,"href":"https:\/\/belendo.be\/fr\/wp-json\/wp\/v2\/pages\/551\/revisions"}],"predecessor-version":[{"id":2148,"href":"https:\/\/belendo.be\/fr\/wp-json\/wp\/v2\/pages\/551\/revisions\/2148"}],"wp:attachment":[{"href":"https:\/\/belendo.be\/fr\/wp-json\/wp\/v2\/media?parent=551"}],"curies":[{"name":"wp","href":"https:\/\/api.w.org\/{rel}","templated":true}]}}