{"id":1144,"date":"2021-10-13T09:28:30","date_gmt":"2021-10-13T09:28:30","guid":{"rendered":"http:\/\/belendo.be\/cookies-policy\/"},"modified":"2021-10-15T08:19:03","modified_gmt":"2021-10-15T08:19:03","slug":"cookies-policy","status":"publish","type":"page","link":"https:\/\/belendo.be\/fr\/cookies-policy\/","title":{"rendered":"Cookies Policy"},"content":{"rendered":"<p><strong>1. Que sont les cookies?<\/strong><\/p>\n<p>Un cookie est un petit fichier texte qui est stock\u00e9 sur votre ordinateur, tablette ou smartphone la premi\u00e8re fois que vous visitez ce site web. Les cookies que nous utilisons sont n\u00e9cessaires pour le fonctionnement technique du site web et pour votre facilit\u00e9 d&rsquo;utilisation. Ils veillent au bon fonctionnement du site web et se souviennent, par exemple, de vos param\u00e8tres pr\u00e9f\u00e9r\u00e9s. Ils nous permettent \u00e9galement d&rsquo;optimiser notre site web. Vous pouvez vous d\u00e9sabonner des cookies en configurant votre navigateur Internet de mani\u00e8re \u00e0 ce qu&rsquo;il ne stocke plus de cookies.<\/p>\n<p><strong>2. Comment pouvez-vous d\u00e9sactiver les cookies?<\/strong><\/p>\n<p>Si vous choisissez de d\u00e9sactiver les cookies, vous pouvez le faire pour le navigateur que vous utilisez :<\/p>\n<ul>\n<li>Internet Explorer:\u00a0<a href=\"https:\/\/support.microsoft.com\/fr-be\/help\/17442\/windows-internet-explorer-delete-manage-cookies\" target=\"_blank\" rel=\"noopener\">https:\/\/support.microsoft.com\/fr-be\/help\/17442\/windows-internet-explorer-delete-manage-cookies<\/a><\/li>\n<li>Google Chrome:\u00a0<a href=\"https:\/\/support.google.com\/chrome\/answer\/95647?hl=fr\" target=\"_blank\" rel=\"noopener\">https:\/\/support.google.com\/chrome\/answer\/95647?hl=fr<\/a><\/li>\n<li>Firefox:\u00a0<a href=\"https:\/\/support.mozilla.org\/fr\/kb\/traqueurs-scripts-que-firefox-bloque-protection-contre-pistage\" target=\"_blank\" rel=\"noopener\">https:\/\/support.mozilla.org\/fr\/kb\/traqueurs-scripts-que-firefox-bloque-protection-contre-pistage<\/a><\/li>\n<li>Safari:\u00a0<a href=\"https:\/\/support.apple.com\/kb\/index?q=cookies&amp;src=globalnav_support&amp;type=organic&amp;page=search&amp;locale=en_GB\" target=\"_blank\" rel=\"noopener\">https:\/\/support.apple.com\/kb\/index?q=cookiesrc=globalnav_supportype=organicage=searchocale=en_gb<\/a><\/li>\n<\/ul>\n<p>Veuillez noter que la d\u00e9sactivation des cookies peut avoir pour cons\u00e9quence que certains graphiques ou applications du site web soient moins performants. Nous ferons tout le n\u00e9cessaire pour assurer le bon fonctionnement du site web.<\/p>\n","protected":false},"excerpt":{"rendered":"<p>1. Que sont les cookies? Un cookie est un petit fichier texte qui est stock\u00e9 sur votre ordinateur, tablette ou smartphone la premi\u00e8re fois que vous visitez ce site web. Les cookies que nous utilisons sont n\u00e9cessaires pour le fonctionnement technique du site web et pour votre facilit\u00e9 d&rsquo;utilisation. Ils veillent au bon fonctionnement du [&hellip;]<\/p>\n","protected":false},"author":1,"featured_media":0,"parent":0,"menu_order":0,"comment_status":"closed","ping_status":"closed","template":"","meta":{"_acf_changed":false,"inline_featured_image":false,"footnotes":""},"class_list":["post-1144","page","type-page","status-publish","hentry"],"acf":[],"_links":{"self":[{"href":"https:\/\/belendo.be\/fr\/wp-json\/wp\/v2\/pages\/1144","targetHints":{"allow":["GET"]}}],"collection":[{"href":"https:\/\/belendo.be\/fr\/wp-json\/wp\/v2\/pages"}],"about":[{"href":"https:\/\/belendo.be\/fr\/wp-json\/wp\/v2\/types\/page"}],"author":[{"embeddable":true,"href":"https:\/\/belendo.be\/fr\/wp-json\/wp\/v2\/users\/1"}],"replies":[{"embeddable":true,"href":"https:\/\/belendo.be\/fr\/wp-json\/wp\/v2\/comments?post=1144"}],"version-history":[{"count":2,"href":"https:\/\/belendo.be\/fr\/wp-json\/wp\/v2\/pages\/1144\/revisions"}],"predecessor-version":[{"id":1151,"href":"https:\/\/belendo.be\/fr\/wp-json\/wp\/v2\/pages\/1144\/revisions\/1151"}],"wp:attachment":[{"href":"https:\/\/belendo.be\/fr\/wp-json\/wp\/v2\/media?parent=1144"}],"curies":[{"name":"wp","href":"https:\/\/api.w.org\/{rel}","templated":true}]}}