{"id":1024,"date":"2021-08-11T07:34:37","date_gmt":"2021-08-11T07:34:37","guid":{"rendered":"http:\/\/belendo.be\/terms-conditions\/"},"modified":"2021-11-29T15:44:59","modified_gmt":"2021-11-29T15:44:59","slug":"terms-conditions","status":"publish","type":"page","link":"https:\/\/belendo.be\/fr\/terms-conditions\/","title":{"rendered":"Terms &#038; Conditions"},"content":{"rendered":"<p>Le site a \u00e9t\u00e9 d\u00e9velopp\u00e9 par \u00ab\u00a0Double Dot\u00a0\u00bb et \u00ab\u00a0Pivotal Clinical BV\u00a0\u00bb sur demande de \u201c<strong><u>Be<\/u><\/strong>lgian\u00a0<strong><u>S<\/u><\/strong>ociety for\u00a0<strong><u>Pe<\/u><\/strong>diatric\u00a0<strong><u>E<\/u><\/strong>ndocrinology and\u00a0<strong><u>D<\/u><\/strong>iabetes\u201d \u201cBESPEED\u201d avec le num\u00e9ro de soci\u00e9t\u00e9 BE0439302013. BESPEED est responsable de la gestion du site et vous propose ce site et les informations sur ce site sous les conditions g\u00e9n\u00e9rales \u00e9nonc\u00e9es ci-dessous.<\/p>\n<p>En visitant ce site ou en utilisant les informations sur ce site, vous acceptez automatiquement les conditions g\u00e9n\u00e9rales. Au cas o\u00f9 vous n&rsquo;\u00eates pas d&rsquo;accord avec\u00a0la politique en mati\u00e8re de vie priv\u00e9e ou avec les conditions g\u00e9n\u00e9rales de ce site nous vous demanderons de bien vouloir ne plus utiliser ce site.<\/p>\n<p>A tout moment BESPEED a le droit de modifier ou de supprimer des informations sur ce site sans pr\u00e9avis. Par cons\u00e9quent, \u00e0 chaque visite sur notre site nous vous demandons de relire les conditions g\u00e9n\u00e9rales d&rsquo;utilisation de sorte que vous \u00eates au courant d\u2019\u00e9ventuels changements ou modifications et que vous avez pris connaissance de la derni\u00e8re version mise \u00e0 jour des conditions g\u00e9n\u00e9rales d&rsquo;utilisation.<\/p>\n<p><strong>1.Droit d&rsquo;auteur et les droits de propri\u00e9t\u00e9 intellectuelle<\/strong><\/p>\n<p>Le contenu de ce site (y compris les marques, logos, dessins, donn\u00e9es, noms de produits ou de soci\u00e9t\u00e9s, textes, images, etc.), sauf indication contraire explicite, est la propri\u00e9t\u00e9 de BESPEED et est prot\u00e9g\u00e9 par le droit d&rsquo;auteur et d&rsquo;autres droits de propri\u00e9t\u00e9 (intellectuelle). Il peut \u00eatre utilis\u00e9 gratuitement, \u00e0 condition que la source soit mentionn\u00e9e, mais uniquement pour un usage personnelle. Toute autre forme d&rsquo;utilisation, de publication ou de distribution, sous une forme quelconque, est strictement interdite sans l&rsquo;autorisation \u00e9crite pr\u00e9alable de BESPEED.<\/p>\n<p><strong>2.Limitation de responsabilit\u00e9<\/strong><\/p>\n<p>Malgr\u00e9 le soin et l\u2019attention continus que BESPEED consacre \u00e0 la pr\u00e9paration, la publication et la mise \u00e0 jour de l&rsquo;information sur ce site, il est possible que des inexactitudes ou des incompl\u00e9tudes se pr\u00e9sentent dans les informations mises \u00e0 disposition. BESPEED s\u2019engage \u00e0 maintenir l&rsquo;information la plus \u00e0 jour possible, mais ne donne aucune garantie ou d\u00e9claration par rapport \u00e0 l&rsquo;actualit\u00e9, l&rsquo;exactitude ou la compl\u00e9tude des informations fournies. BESPEED ne garantit \u00e9galement pas le bon fonctionnement du site.<\/p>\n<p>Par cons\u00e9quent, c\u2019est la responsabilit\u00e9 des visiteurs du site de v\u00e9rifier l&rsquo;exactitude et la justesse des informations. Les visiteurs du site d\u00e9clarent qu&rsquo;ils acceptent de visiter et d\u2019utiliser le site \u00e0 leurs propres risques.<\/p>\n<p>Personne de BESPEED, ni ses administrateurs, employ\u00e9s ou agents ne peuvent en aucun cas \u00eatre tenu responsables du (a) mauvais fonctionnement du site, (b) de l&rsquo;indisponibilit\u00e9 temporaire du site, ou (c) des dommages directs ou indirects, qui pourraient \u00eatre caus\u00e9s par l&rsquo;acc\u00e8s au site ou par l&rsquo;utilisation du site et des informations li\u00e9s au site.<\/p>\n<p>BESPEED ne sera pas responsable de toute perte ou dommages dus \u00e0 des virus, des attaques ou \u00e0 d&rsquo;autre mat\u00e9riel technologiquement dangereux pouvant infecter votre mat\u00e9riel, des logiciels, des donn\u00e9es ou d&rsquo;autres mati\u00e8res dans votre propri\u00e9t\u00e9 par votre utilisation de notre site.<\/p>\n<h4>3.Sites de tiers<\/h4>\n<p>Le site peut \u00e9galement contenir des liens ou des r\u00e9f\u00e9rences \u00e0 des sites tiers ou y r\u00e9f\u00e9rer indirectement. Bien que ces liens ou ces r\u00e9f\u00e9rences soient choisis avec le plus grand soin, BESPEED ne tiens aucune responsabilit\u00e9 pour le contenu de ces liens et ne peut donc pas \u00eatre tenu responsable de tout dommage qui pourrait r\u00e9sulter directement ou indirectement en utilisant ce contenu.<\/p>\n<p>Si vous acc\u00e9dez \u00e0 un site de tiers c\u2019est \u00e0 vos propres risques et sans le consentement de BESPEED. En utilisant ces liens, vous comprenez que la d\u00e9claration juridique et la politique en mati\u00e8re de vie priv\u00e9e du site concernant sont applicables et que celles-ci peuvent \u00eatre diff\u00e9rentes de celles de BESPEED.<\/p>\n<p>BESPEED ne peut pas \u00eatre tenu responsable des cons\u00e9quences d\u00e9favorables ou de tout dommage que vous pouvez subir par suite (i) \u00e0 la conclusion de contrats ou de contacts obtenus sur base des hyperliens, (ii) \u00e0 l&rsquo;utilisation des informations obtenues gr\u00e2ce \u00e0 des hyperliens, (iii) \u00e0 la consultation des sites via un hyperlien.<\/p>\n<h4>4.Utilisateurs d\u2019une autre juridiction<\/h4>\n<p>Les services et le produit que BESPEED offre via ce site sont r\u00e9gies par les r\u00e8gles du droit belge aux quelles BESPEED est soumise. Si vous acc\u00e9dez ce site ou si vous l\u2019utilisez depuis une autre juridiction, vous devez v\u00e9rifier \u00e0 l&rsquo;avance si la loi de ce pays le permet. Sinon, veuillez-vous abstenir de tout (autre) acc\u00e8s au site ou de l&rsquo;utilisation du site.<\/p>\n<h4>5.Loi applicable et juridiction<\/h4>\n<p>La loi belge est applicable \u00e0 ce site. En cas de litige, seuls les tribunaux de l&rsquo;arrondissement de Bruxelles en Belgique sont comp\u00e9tents.<\/p>\n<p>&nbsp;<\/p>\n","protected":false},"excerpt":{"rendered":"<p>Le site a \u00e9t\u00e9 d\u00e9velopp\u00e9 par \u00ab\u00a0Double Dot\u00a0\u00bb et \u00ab\u00a0Pivotal Clinical BV\u00a0\u00bb sur demande de \u201cBelgian\u00a0Society for\u00a0Pediatric\u00a0Endocrinology and\u00a0Diabetes\u201d \u201cBESPEED\u201d avec le num\u00e9ro de soci\u00e9t\u00e9 BE0439302013. BESPEED est responsable de la gestion du site et vous propose ce site et les informations sur ce site sous les conditions g\u00e9n\u00e9rales \u00e9nonc\u00e9es ci-dessous. En visitant ce site ou [&hellip;]<\/p>\n","protected":false},"author":1,"featured_media":0,"parent":0,"menu_order":0,"comment_status":"closed","ping_status":"closed","template":"","meta":{"_acf_changed":false,"inline_featured_image":false,"footnotes":""},"class_list":["post-1024","page","type-page","status-publish","hentry"],"acf":[],"_links":{"self":[{"href":"https:\/\/belendo.be\/fr\/wp-json\/wp\/v2\/pages\/1024","targetHints":{"allow":["GET"]}}],"collection":[{"href":"https:\/\/belendo.be\/fr\/wp-json\/wp\/v2\/pages"}],"about":[{"href":"https:\/\/belendo.be\/fr\/wp-json\/wp\/v2\/types\/page"}],"author":[{"embeddable":true,"href":"https:\/\/belendo.be\/fr\/wp-json\/wp\/v2\/users\/1"}],"replies":[{"embeddable":true,"href":"https:\/\/belendo.be\/fr\/wp-json\/wp\/v2\/comments?post=1024"}],"version-history":[{"count":4,"href":"https:\/\/belendo.be\/fr\/wp-json\/wp\/v2\/pages\/1024\/revisions"}],"predecessor-version":[{"id":1313,"href":"https:\/\/belendo.be\/fr\/wp-json\/wp\/v2\/pages\/1024\/revisions\/1313"}],"wp:attachment":[{"href":"https:\/\/belendo.be\/fr\/wp-json\/wp\/v2\/media?parent=1024"}],"curies":[{"name":"wp","href":"https:\/\/api.w.org\/{rel}","templated":true}]}}