{"id":1020,"date":"2021-05-31T08:09:47","date_gmt":"2021-05-31T08:09:47","guid":{"rendered":"http:\/\/belendo.be\/privacy-policy\/"},"modified":"2021-11-29T15:19:57","modified_gmt":"2021-11-29T15:19:57","slug":"privacy-policy","status":"publish","type":"page","link":"https:\/\/belendo.be\/fr\/privacy-policy\/","title":{"rendered":"Politique de confidentialit\u00e9"},"content":{"rendered":"<p>Version 1.0 &#8211; La derni\u00e8re modification de cette page date du 15\/10\/2021.<\/p>\n<p>La pr\u00e9sente politique de confidentialit\u00e9 s&rsquo;applique \u00e0 ce site web. Ce site web est la propri\u00e9t\u00e9 de la <strong>\u00ab\u00a0Belgian\u00a0Society\u00a0for Paediatric Endocrinology and Diabetology (BESPEED)\u00a0\u00bb<\/strong>, dont le num\u00e9ro d&rsquo;entreprise est BE0439.302.013.<\/p>\n<p>La pr\u00e9sente d\u00e9claration de confidentialit\u00e9 explique comment ce site web traite les donn\u00e9es personnelles collect\u00e9es sur ce site web. Nous appr\u00e9cions votre confiance et nous voulons nous assurer que vous comprenez nos politiques et pratiques en mati\u00e8re de protection des donn\u00e9es. Nous vous recommandons donc de lire cette d\u00e9claration de confidentialit\u00e9. Ce site web n&rsquo;a pas pour but de fournir des conseils ou des diagnostics. Ce site web est uniquement destin\u00e9 \u00e0 fournir des informations.<\/p>\n<p>BESPEED n&rsquo;est pas responsable de la politique de confidentialit\u00e9 des autres sites web et sources.<\/p>\n<p>&nbsp;<\/p>\n<p><strong>1.BESPEED <\/strong><strong>s&rsquo;engage \u00e0 prot\u00e9ger vos donn\u00e9es personnelles<\/strong><\/p>\n<p>Nous nous engageons \u00e0 prot\u00e9ger la s\u00e9curit\u00e9 et la confidentialit\u00e9 de vos informations personnelles. Nous appliquons des mesures techniques et organisationnelles appropri\u00e9es de mani\u00e8re \u00e0 ce que le traitement des donn\u00e9es \u00e0 caract\u00e8re personnel r\u00e9ponde aux exigences de la l\u00e9gislation nationale et europ\u00e9enne et garantisse la protection de vos droits.<\/p>\n<p>Si vous avez des questions sur la mani\u00e8re dont nous traitons ou prot\u00e9geons vos informations personnelles, n&rsquo;h\u00e9sitez pas \u00e0 nous contacter \u00e0 l&rsquo;adresse : philippe.lysy@saintluc.uclouvain.be<\/p>\n<p><strong>2.Quelles sont les donn\u00e9es personnelles que nous recueillons?<\/strong><\/p>\n<p>Nous ne recueillons des donn\u00e9es personnelles que par l&rsquo;utilisation de cookies sur ce site. Veuillez-vous r\u00e9f\u00e9rer \u00e0 la politique de cookies ci-dessous pour plus d&rsquo;informations.<\/p>\n<p><strong>3.Combien de temps conservons-nous vos donn\u00e9es personnelles?<\/strong><\/p>\n<p>Nous ne conserverons pas vos informations personnelles plus longtemps qu&rsquo;il n&rsquo;est n\u00e9cessaire pour atteindre les objectifs \u00e9nonc\u00e9s dans la pr\u00e9sente d\u00e9claration de confidentialit\u00e9. Vos donn\u00e9es personnelles seront supprim\u00e9es apr\u00e8s 2 ans.<\/p>\n<p><strong>4.Avec qui partageons-nous vos informations personnelles?<\/strong><\/p>\n<p>Nous ne partagerons pas vos donn\u00e9es personnelles avec des tiers, y compris des tiers en dehors de l&rsquo;UE\/EEE.<\/p>\n<p><strong>5.Vos droits<\/strong><\/p>\n<p>Vous avez le droit de:<\/p>\n<ul>\n<li>Demander l&rsquo;acc\u00e8s aux informations personnelles que nous d\u00e9tenons sur vous;<\/li>\n<li>Soumettre une demande de rectification, de suppression ou de limitation du traitement de vos donn\u00e9es personnelles;<\/li>\n<li>S&rsquo;opposer au traitement des donn\u00e9es \u00e0 caract\u00e8re personnel;<\/li>\n<li>Recevoir vos donn\u00e9es dans un format standardis\u00e9 (ce qui signifie que vos donn\u00e9es doivent \u00eatre transf\u00e9r\u00e9es \u00e0 une autre organisation dans un format standard lisible par machine);<\/li>\n<li>Retirer votre consentement au traitement des donn\u00e9es \u00e0 tout moment;<\/li>\n<li>D\u00e9poser une plainte aupr\u00e8s d&rsquo;une autorit\u00e9 de contr\u00f4le comp\u00e9tente.<\/li>\n<\/ul>\n<p>Pour exercer ces droits, voir les coordonn\u00e9es ci-dessous. Apr\u00e8s v\u00e9rification de votre identit\u00e9 et des crit\u00e8res d&rsquo;applicabilit\u00e9, nous ferons tout ce qui est raisonnablement possible pour satisfaire \u00e0 la demande, \u00e0 moins que des mesures totalement d\u00e9raisonnables ne soient n\u00e9cessaires (par exemple, presque impossibles sur le plan technique ou organisationnel ou extr\u00eamement co\u00fbteuses). Nous pouvons refuser de traiter les demandes qui sont d\u00e9raisonnablement r\u00e9p\u00e9titives ou syst\u00e9matiques. Toutes les demandes seront trait\u00e9es dans un d\u00e9lai d&rsquo;un mois (30 jours calendrier) \u00e0 compter de leur r\u00e9ception.<\/p>\n<p>Voir \u00e9galement la politique en mati\u00e8re de cookies pour les informations relatives \u00e0 la d\u00e9sactivation\/suppression des cookies.<\/p>\n<p><strong>6.Nos coordonn\u00e9es<\/strong><\/p>\n<p>Vous pouvez nous contacter \u00e0 l&rsquo;adresse suivante :<\/p>\n<p style=\"padding-left: 40px;\">p\/a Prof J De Schepper<\/p>\n<p style=\"padding-left: 40px;\">Kinderkliniek UZ Brussel<\/p>\n<p style=\"padding-left: 40px;\">Laarbeeklaan 101<\/p>\n<p style=\"padding-left: 40px;\">1090 Brussel<\/p>\n<p><strong>7.Modifications<\/strong><\/p>\n<p>Cette d\u00e9claration de confidentialit\u00e9 est conforme \u00e0 l&rsquo;utilisation et aux possibilit\u00e9s de notre site web. Il est possible que nous modifiions notre d\u00e9claration de confidentialit\u00e9. Lorsque nous publions des modifications \u00e0 notre d\u00e9claration de confidentialit\u00e9, nous changeons la date de la \u00ab\u00a0derni\u00e8re mise \u00e0 jour\u00a0\u00bb. Nous vous conseillons de lire r\u00e9guli\u00e8rement notre d\u00e9claration de confidentialit\u00e9.<\/p>\n","protected":false},"excerpt":{"rendered":"<p>Version 1.0 &#8211; La derni\u00e8re modification de cette page date du 15\/10\/2021. La pr\u00e9sente politique de confidentialit\u00e9 s&rsquo;applique \u00e0 ce site web. Ce site web est la propri\u00e9t\u00e9 de la \u00ab\u00a0Belgian\u00a0Society\u00a0for Paediatric Endocrinology and Diabetology (BESPEED)\u00a0\u00bb, dont le num\u00e9ro d&rsquo;entreprise est BE0439.302.013. La pr\u00e9sente d\u00e9claration de confidentialit\u00e9 explique comment ce site web traite les donn\u00e9es [&hellip;]<\/p>\n","protected":false},"author":1,"featured_media":0,"parent":0,"menu_order":0,"comment_status":"closed","ping_status":"open","template":"","meta":{"_acf_changed":false,"inline_featured_image":false,"footnotes":""},"class_list":["post-1020","page","type-page","status-publish","hentry"],"acf":[],"_links":{"self":[{"href":"https:\/\/belendo.be\/fr\/wp-json\/wp\/v2\/pages\/1020","targetHints":{"allow":["GET"]}}],"collection":[{"href":"https:\/\/belendo.be\/fr\/wp-json\/wp\/v2\/pages"}],"about":[{"href":"https:\/\/belendo.be\/fr\/wp-json\/wp\/v2\/types\/page"}],"author":[{"embeddable":true,"href":"https:\/\/belendo.be\/fr\/wp-json\/wp\/v2\/users\/1"}],"replies":[{"embeddable":true,"href":"https:\/\/belendo.be\/fr\/wp-json\/wp\/v2\/comments?post=1020"}],"version-history":[{"count":9,"href":"https:\/\/belendo.be\/fr\/wp-json\/wp\/v2\/pages\/1020\/revisions"}],"predecessor-version":[{"id":1308,"href":"https:\/\/belendo.be\/fr\/wp-json\/wp\/v2\/pages\/1020\/revisions\/1308"}],"wp:attachment":[{"href":"https:\/\/belendo.be\/fr\/wp-json\/wp\/v2\/media?parent=1020"}],"curies":[{"name":"wp","href":"https:\/\/api.w.org\/{rel}","templated":true}]}}